{"id":1041,"date":"2025-02-11T12:37:23","date_gmt":"2025-02-11T11:37:23","guid":{"rendered":"http:\/\/sophie.h-workspace.de\/?page_id=1041"},"modified":"2025-02-11T13:35:36","modified_gmt":"2025-02-11T12:35:36","slug":"das-hotel","status":"publish","type":"page","link":"http:\/\/sophie.h-workspace.de\/?page_id=1041","title":{"rendered":"Das Hotel"},"content":{"rendered":"\t\t<div data-elementor-type=\"wp-page\" data-elementor-id=\"1041\" class=\"elementor elementor-1041\" data-elementor-post-type=\"page\">\n\t\t\t\t<div class=\"elementor-element elementor-element-fb6407d e-con-full e-flex e-con e-parent\" data-id=\"fb6407d\" data-element_type=\"container\">\n\t\t\t\t<div class=\"elementor-element elementor-element-1d1bf5c elementor-widget elementor-widget-image\" data-id=\"1d1bf5c\" data-element_type=\"widget\" data-widget_type=\"image.default\">\n\t\t\t\t<div class=\"elementor-widget-container\">\n\t\t\t\t\t\t\t\t\t\t\t\t\t\t\t<img fetchpriority=\"high\" decoding=\"async\" width=\"2560\" height=\"1707\" src=\"https:\/\/sophie.h-workspace.de\/wp-content\/uploads\/2025\/02\/beautiful-zen-garden-landscape-1-scaled.jpg\" class=\"attachment-full size-full wp-image-1043\" alt=\"\" srcset=\"https:\/\/sophie.h-workspace.de\/wp-content\/uploads\/2025\/02\/beautiful-zen-garden-landscape-1-scaled.jpg 2560w, https:\/\/sophie.h-workspace.de\/wp-content\/uploads\/2025\/02\/beautiful-zen-garden-landscape-1-300x200.jpg 300w, https:\/\/sophie.h-workspace.de\/wp-content\/uploads\/2025\/02\/beautiful-zen-garden-landscape-1-1024x683.jpg 1024w, https:\/\/sophie.h-workspace.de\/wp-content\/uploads\/2025\/02\/beautiful-zen-garden-landscape-1-768x512.jpg 768w, https:\/\/sophie.h-workspace.de\/wp-content\/uploads\/2025\/02\/beautiful-zen-garden-landscape-1-1536x1024.jpg 1536w, https:\/\/sophie.h-workspace.de\/wp-content\/uploads\/2025\/02\/beautiful-zen-garden-landscape-1-2048x1365.jpg 2048w\" sizes=\"(max-width: 2560px) 100vw, 2560px\" \/>\t\t\t\t\t\t\t\t\t\t\t\t\t\t\t<\/div>\n\t\t\t\t<\/div>\n\t\t\t\t<div class=\"elementor-element elementor-element-f7779bd elementor-widget elementor-widget-spacer\" data-id=\"f7779bd\" data-element_type=\"widget\" data-widget_type=\"spacer.default\">\n\t\t\t\t<div class=\"elementor-widget-container\">\n\t\t\t\t\t\t\t<div class=\"elementor-spacer\">\n\t\t\t<div class=\"elementor-spacer-inner\"><\/div>\n\t\t<\/div>\n\t\t\t\t\t\t<\/div>\n\t\t\t\t<\/div>\n\t\t\t\t<\/div>\n\t\t<div class=\"elementor-element elementor-element-6b9ef91 e-flex e-con-boxed e-con e-parent\" data-id=\"6b9ef91\" data-element_type=\"container\">\n\t\t\t\t\t<div class=\"e-con-inner\">\n\t\t\t\t<div class=\"elementor-element elementor-element-6934039 elementor-widget elementor-widget-heading\" data-id=\"6934039\" data-element_type=\"widget\" data-settings=\"{&quot;motion_fx_motion_fx_scrolling&quot;:&quot;yes&quot;,&quot;motion_fx_translateY_effect&quot;:&quot;yes&quot;,&quot;motion_fx_translateY_affectedRange&quot;:{&quot;unit&quot;:&quot;%&quot;,&quot;size&quot;:&quot;&quot;,&quot;sizes&quot;:{&quot;start&quot;:0,&quot;end&quot;:50}},&quot;motion_fx_translateY_speed&quot;:{&quot;unit&quot;:&quot;px&quot;,&quot;size&quot;:4,&quot;sizes&quot;:[]},&quot;motion_fx_devices&quot;:[&quot;desktop&quot;,&quot;tablet&quot;,&quot;mobile&quot;]}\" data-widget_type=\"heading.default\">\n\t\t\t\t<div class=\"elementor-widget-container\">\n\t\t\t\t\t<h2 class=\"elementor-heading-title elementor-size-default\">Hotel Auszeit<\/h2>\t\t\t\t<\/div>\n\t\t\t\t<\/div>\n\t\t\t\t\t<\/div>\n\t\t\t\t<\/div>\n\t\t<div class=\"elementor-element elementor-element-11f44dd e-flex e-con-boxed e-con e-parent\" data-id=\"11f44dd\" data-element_type=\"container\">\n\t\t\t\t\t<div class=\"e-con-inner\">\n\t\t\t\t<div class=\"elementor-element elementor-element-865d7c9 elementor-widget elementor-widget-text-editor\" data-id=\"865d7c9\" data-element_type=\"widget\" data-settings=\"{&quot;motion_fx_motion_fx_scrolling&quot;:&quot;yes&quot;,&quot;motion_fx_translateY_effect&quot;:&quot;yes&quot;,&quot;motion_fx_translateY_affectedRange&quot;:{&quot;unit&quot;:&quot;%&quot;,&quot;size&quot;:&quot;&quot;,&quot;sizes&quot;:{&quot;start&quot;:0,&quot;end&quot;:51}},&quot;motion_fx_translateY_speed&quot;:{&quot;unit&quot;:&quot;px&quot;,&quot;size&quot;:4,&quot;sizes&quot;:[]},&quot;motion_fx_devices&quot;:[&quot;desktop&quot;,&quot;tablet&quot;,&quot;mobile&quot;]}\" data-widget_type=\"text-editor.default\">\n\t\t\t\t<div class=\"elementor-widget-container\">\n\t\t\t\t\t\t\t\t\t<p data-start=\"0\" data-end=\"287\">Unsere Zimmer und Suiten sind so gestaltet, dass Sie sich vom ersten Moment an wohlf\u00fchlen. Mit warmen Farben, hochwertiger Ausstattung und einem Blick ins Gr\u00fcne schaffen wir eine Oase der Ruhe und Geborgenheit. Jedes Detail ist darauf ausgelegt, Ihnen Komfort und Entspannung zu bieten.<\/p><p data-start=\"289\" data-end=\"591\" data-is-last-node=\"\">F\u00fcr zus\u00e4tzliche Erholung l\u00e4dt unsere Sauna ein \u2013 ein Ort, um die Seele baumeln zu lassen und den Alltag komplett auszublenden. Egal ob Sie sich nach einem langen Tag aufw\u00e4rmen oder Ihre Wellness-Auszeit perfekt abrunden m\u00f6chten, unsere Sauna bietet Ihnen einen R\u00fcckzugsort voller W\u00e4rme und Entspannung.<\/p>\t\t\t\t\t\t\t\t<\/div>\n\t\t\t\t<\/div>\n\t\t\t\t\t<\/div>\n\t\t\t\t<\/div>\n\t\t<div class=\"elementor-element elementor-element-842ee2f e-flex e-con-boxed e-con e-parent\" data-id=\"842ee2f\" data-element_type=\"container\">\n\t\t\t\t\t<div class=\"e-con-inner\">\n\t\t\t\t<div class=\"elementor-element elementor-element-89bd7ef elementor-widget elementor-widget-spacer\" data-id=\"89bd7ef\" data-element_type=\"widget\" data-widget_type=\"spacer.default\">\n\t\t\t\t<div class=\"elementor-widget-container\">\n\t\t\t\t\t\t\t<div class=\"elementor-spacer\">\n\t\t\t<div class=\"elementor-spacer-inner\"><\/div>\n\t\t<\/div>\n\t\t\t\t\t\t<\/div>\n\t\t\t\t<\/div>\n\t\t\t\t<div class=\"elementor-element elementor-element-a8351f9 elementor--h-position-center elementor--v-position-middle elementor-arrows-position-inside elementor-pagination-position-inside elementor-widget elementor-widget-slides\" data-id=\"a8351f9\" data-element_type=\"widget\" data-settings=\"{&quot;navigation&quot;:&quot;both&quot;,&quot;autoplay&quot;:&quot;yes&quot;,&quot;pause_on_hover&quot;:&quot;yes&quot;,&quot;pause_on_interaction&quot;:&quot;yes&quot;,&quot;autoplay_speed&quot;:5000,&quot;infinite&quot;:&quot;yes&quot;,&quot;transition&quot;:&quot;slide&quot;,&quot;transition_speed&quot;:500}\" data-widget_type=\"slides.default\">\n\t\t\t\t<div class=\"elementor-widget-container\">\n\t\t\t\t\t\t\t\t\t<div class=\"elementor-swiper\">\n\t\t\t\t\t<div class=\"elementor-slides-wrapper elementor-main-swiper swiper\" role=\"region\" aria-roledescription=\"carousel\" aria-label=\"Slider\" dir=\"ltr\" data-animation=\"fadeInUp\">\n\t\t\t\t<div class=\"swiper-wrapper elementor-slides\">\n\t\t\t\t\t\t\t\t\t\t<div class=\"elementor-repeater-item-af5887d swiper-slide\" role=\"group\" aria-roledescription=\"slide\"><div class=\"swiper-slide-bg\" role=\"img\"><\/div><a class=\"swiper-slide-inner\" href=\"http:\/\/sophie.h-workspace.de\/?page_id=78\"><div class=\"swiper-slide-contents\"><div class=\"elementor-slide-heading\">Sauna<\/div><div class=\"elementor-slide-description\">Entspannen Sie in unserer Sauna und lassen Sie den Alltag hinter sich.<\/div><div  class=\"elementor-button elementor-slide-button elementor-size-sm\">Hier Buchen<\/div><\/div><\/a><\/div><div class=\"elementor-repeater-item-21305a6 swiper-slide\" role=\"group\" aria-roledescription=\"slide\"><div class=\"swiper-slide-bg\" role=\"img\"><\/div><a class=\"swiper-slide-inner\" href=\"http:\/\/sophie.h-workspace.de\/?page_id=78\"><div class=\"swiper-slide-contents\"><div class=\"elementor-slide-heading\">Ruher\u00e4ume<\/div><div class=\"elementor-slide-description\">Perfekt f\u00fcr nach dem Waldbaden<\/div><div  class=\"elementor-button elementor-slide-button elementor-size-sm\">Hier Buchen<\/div><\/div><\/a><\/div><div class=\"elementor-repeater-item-6038f62 swiper-slide\" role=\"group\" aria-roledescription=\"slide\"><div class=\"swiper-slide-bg\" role=\"img\"><\/div><a class=\"swiper-slide-inner\" href=\"http:\/\/sophie.h-workspace.de\/?page_id=78\"><div class=\"swiper-slide-contents\"><div class=\"elementor-slide-heading\">Zimmer<\/div><div class=\"elementor-slide-description\">Entspannung pur nach einem langen Tag<\/div><div  class=\"elementor-button elementor-slide-button elementor-size-sm\">Hier Buchen<\/div><\/div><\/a><\/div>\t\t\t\t<\/div>\n\t\t\t\t\t\t\t\t\t\t\t\t\t\t\t<div class=\"elementor-swiper-button elementor-swiper-button-prev\" role=\"button\" tabindex=\"0\" aria-label=\"Vorheriger Slide\">\n\t\t\t\t\t\t\t<svg aria-hidden=\"true\" class=\"e-font-icon-svg e-eicon-chevron-left\" viewBox=\"0 0 1000 1000\" xmlns=\"http:\/\/www.w3.org\/2000\/svg\"><path d=\"M646 125C629 125 613 133 604 142L308 442C296 454 292 471 292 487 292 504 296 521 308 533L604 854C617 867 629 875 646 875 663 875 679 871 692 858 704 846 713 829 713 812 713 796 708 779 692 767L438 487 692 225C700 217 708 204 708 187 708 171 704 154 692 142 675 129 663 125 646 125Z\"><\/path><\/svg>\t\t\t\t\t\t<\/div>\n\t\t\t\t\t\t<div class=\"elementor-swiper-button elementor-swiper-button-next\" role=\"button\" tabindex=\"0\" aria-label=\"N\u00e4chster Slide\">\n\t\t\t\t\t\t\t<svg aria-hidden=\"true\" class=\"e-font-icon-svg e-eicon-chevron-right\" viewBox=\"0 0 1000 1000\" xmlns=\"http:\/\/www.w3.org\/2000\/svg\"><path d=\"M696 533C708 521 713 504 713 487 713 471 708 454 696 446L400 146C388 133 375 125 354 125 338 125 325 129 313 142 300 154 292 171 292 187 292 204 296 221 308 233L563 492 304 771C292 783 288 800 288 817 288 833 296 850 308 863 321 871 338 875 354 875 371 875 388 867 400 854L696 533Z\"><\/path><\/svg>\t\t\t\t\t\t<\/div>\n\t\t\t\t\t\t\t\t\t\t\t\t\t\t\t\t<div class=\"swiper-pagination\"><\/div>\n\t\t\t\t\t\t\t\t\t\t\t\t<\/div>\n\t\t\t\t<\/div>\n\t\t\t\t\t\t\t\t<\/div>\n\t\t\t\t<\/div>\n\t\t\t\t\t<\/div>\n\t\t\t\t<\/div>\n\t\t<div class=\"elementor-element elementor-element-46886d7 e-flex e-con-boxed e-con e-parent\" data-id=\"46886d7\" data-element_type=\"container\">\n\t\t\t\t\t<div class=\"e-con-inner\">\n\t\t\t\t<div class=\"elementor-element elementor-element-2fb06f8 elementor-widget elementor-widget-spacer\" data-id=\"2fb06f8\" data-element_type=\"widget\" data-widget_type=\"spacer.default\">\n\t\t\t\t<div class=\"elementor-widget-container\">\n\t\t\t\t\t\t\t<div class=\"elementor-spacer\">\n\t\t\t<div class=\"elementor-spacer-inner\"><\/div>\n\t\t<\/div>\n\t\t\t\t\t\t<\/div>\n\t\t\t\t<\/div>\n\t\t\t\t<div class=\"elementor-element elementor-element-f9bf112 elementor-widget elementor-widget-gallery\" data-id=\"f9bf112\" data-element_type=\"widget\" data-settings=\"{&quot;lazyload&quot;:&quot;yes&quot;,&quot;gallery_layout&quot;:&quot;grid&quot;,&quot;columns&quot;:4,&quot;columns_tablet&quot;:2,&quot;columns_mobile&quot;:1,&quot;gap&quot;:{&quot;unit&quot;:&quot;px&quot;,&quot;size&quot;:10,&quot;sizes&quot;:[]},&quot;gap_tablet&quot;:{&quot;unit&quot;:&quot;px&quot;,&quot;size&quot;:10,&quot;sizes&quot;:[]},&quot;gap_mobile&quot;:{&quot;unit&quot;:&quot;px&quot;,&quot;size&quot;:10,&quot;sizes&quot;:[]},&quot;link_to&quot;:&quot;file&quot;,&quot;aspect_ratio&quot;:&quot;3:2&quot;,&quot;overlay_background&quot;:&quot;yes&quot;,&quot;content_hover_animation&quot;:&quot;fade-in&quot;}\" data-widget_type=\"gallery.default\">\n\t\t\t\t<div class=\"elementor-widget-container\">\n\t\t\t\t\t\t\t<div class=\"elementor-gallery__container\">\n\t\t\t\t\t\t\t<a class=\"e-gallery-item elementor-gallery-item elementor-animated-content\" href=\"https:\/\/sophie.h-workspace.de\/wp-content\/uploads\/2025\/02\/photorealistic-timber-house-interior-with-wooden-decor-furnishings-scaled.jpg\" data-elementor-open-lightbox=\"yes\" data-elementor-lightbox-slideshow=\"f9bf112\" data-elementor-lightbox-title=\"photorealistic-timber-house-interior-with-wooden-decor-furnishings\" data-e-action-hash=\"#elementor-action%3Aaction%3Dlightbox%26settings%3DeyJpZCI6MTA0OSwidXJsIjoiaHR0cHM6XC9cL3NvcGhpZS5oLXdvcmtzcGFjZS5kZVwvd3AtY29udGVudFwvdXBsb2Fkc1wvMjAyNVwvMDJcL3Bob3RvcmVhbGlzdGljLXRpbWJlci1ob3VzZS1pbnRlcmlvci13aXRoLXdvb2Rlbi1kZWNvci1mdXJuaXNoaW5ncy1zY2FsZWQuanBnIiwic2xpZGVzaG93IjoiZjliZjExMiJ9\">\n\t\t\t\t\t<div class=\"e-gallery-image elementor-gallery-item__image\" data-thumbnail=\"https:\/\/sophie.h-workspace.de\/wp-content\/uploads\/2025\/02\/photorealistic-timber-house-interior-with-wooden-decor-furnishings-300x200.jpg\" data-width=\"300\" data-height=\"200\" aria-label=\"\" role=\"img\" ><\/div>\n\t\t\t\t\t\t\t\t\t\t\t<div class=\"elementor-gallery-item__overlay\"><\/div>\n\t\t\t\t\t\t\t\t\t\t\t\t\t\t<\/a>\n\t\t\t\t\t\t\t<a class=\"e-gallery-item elementor-gallery-item elementor-animated-content\" href=\"https:\/\/sophie.h-workspace.de\/wp-content\/uploads\/2025\/02\/room-with-massage-tables-wall-with-lights-it-scaled.jpg\" data-elementor-open-lightbox=\"yes\" data-elementor-lightbox-slideshow=\"f9bf112\" data-elementor-lightbox-title=\"room-with-massage-tables-wall-with-lights-it\" data-e-action-hash=\"#elementor-action%3Aaction%3Dlightbox%26settings%3DeyJpZCI6MTA2NiwidXJsIjoiaHR0cHM6XC9cL3NvcGhpZS5oLXdvcmtzcGFjZS5kZVwvd3AtY29udGVudFwvdXBsb2Fkc1wvMjAyNVwvMDJcL3Jvb20td2l0aC1tYXNzYWdlLXRhYmxlcy13YWxsLXdpdGgtbGlnaHRzLWl0LXNjYWxlZC5qcGciLCJzbGlkZXNob3ciOiJmOWJmMTEyIn0%3D\">\n\t\t\t\t\t<div class=\"e-gallery-image elementor-gallery-item__image\" data-thumbnail=\"https:\/\/sophie.h-workspace.de\/wp-content\/uploads\/2025\/02\/room-with-massage-tables-wall-with-lights-it-300x171.jpg\" data-width=\"300\" data-height=\"171\" aria-label=\"\" role=\"img\" ><\/div>\n\t\t\t\t\t\t\t\t\t\t\t<div class=\"elementor-gallery-item__overlay\"><\/div>\n\t\t\t\t\t\t\t\t\t\t\t\t\t\t<\/a>\n\t\t\t\t\t\t\t<a class=\"e-gallery-item elementor-gallery-item elementor-animated-content\" href=\"https:\/\/sophie.h-workspace.de\/wp-content\/uploads\/2025\/02\/spa-relaxation-room-scaled.jpg\" data-elementor-open-lightbox=\"yes\" data-elementor-lightbox-slideshow=\"f9bf112\" data-elementor-lightbox-title=\"spa-relaxation-room\" data-e-action-hash=\"#elementor-action%3Aaction%3Dlightbox%26settings%3DeyJpZCI6MTA2NywidXJsIjoiaHR0cHM6XC9cL3NvcGhpZS5oLXdvcmtzcGFjZS5kZVwvd3AtY29udGVudFwvdXBsb2Fkc1wvMjAyNVwvMDJcL3NwYS1yZWxheGF0aW9uLXJvb20tc2NhbGVkLmpwZyIsInNsaWRlc2hvdyI6ImY5YmYxMTIifQ%3D%3D\">\n\t\t\t\t\t<div class=\"e-gallery-image elementor-gallery-item__image\" data-thumbnail=\"https:\/\/sophie.h-workspace.de\/wp-content\/uploads\/2025\/02\/spa-relaxation-room-300x205.jpg\" data-width=\"300\" data-height=\"205\" aria-label=\"\" role=\"img\" ><\/div>\n\t\t\t\t\t\t\t\t\t\t\t<div class=\"elementor-gallery-item__overlay\"><\/div>\n\t\t\t\t\t\t\t\t\t\t\t\t\t\t<\/a>\n\t\t\t\t\t\t\t<a class=\"e-gallery-item elementor-gallery-item elementor-animated-content\" href=\"https:\/\/sophie.h-workspace.de\/wp-content\/uploads\/2025\/02\/still-life-spa-scaled.jpg\" data-elementor-open-lightbox=\"yes\" data-elementor-lightbox-slideshow=\"f9bf112\" data-elementor-lightbox-title=\"still-life-spa\" data-e-action-hash=\"#elementor-action%3Aaction%3Dlightbox%26settings%3DeyJpZCI6MTA2OCwidXJsIjoiaHR0cHM6XC9cL3NvcGhpZS5oLXdvcmtzcGFjZS5kZVwvd3AtY29udGVudFwvdXBsb2Fkc1wvMjAyNVwvMDJcL3N0aWxsLWxpZmUtc3BhLXNjYWxlZC5qcGciLCJzbGlkZXNob3ciOiJmOWJmMTEyIn0%3D\">\n\t\t\t\t\t<div class=\"e-gallery-image elementor-gallery-item__image\" data-thumbnail=\"https:\/\/sophie.h-workspace.de\/wp-content\/uploads\/2025\/02\/still-life-spa-300x210.jpg\" data-width=\"300\" data-height=\"210\" aria-label=\"\" role=\"img\" ><\/div>\n\t\t\t\t\t\t\t\t\t\t\t<div class=\"elementor-gallery-item__overlay\"><\/div>\n\t\t\t\t\t\t\t\t\t\t\t\t\t\t<\/a>\n\t\t\t\t\t\t\t<a class=\"e-gallery-item elementor-gallery-item elementor-animated-content\" href=\"https:\/\/sophie.h-workspace.de\/wp-content\/uploads\/2025\/02\/09Nov.2024_0634-scaled.jpg\" data-elementor-open-lightbox=\"yes\" data-elementor-lightbox-slideshow=\"f9bf112\" data-elementor-lightbox-title=\"09Nov.2024_0634\" data-e-action-hash=\"#elementor-action%3Aaction%3Dlightbox%26settings%3DeyJpZCI6MTA1OCwidXJsIjoiaHR0cHM6XC9cL3NvcGhpZS5oLXdvcmtzcGFjZS5kZVwvd3AtY29udGVudFwvdXBsb2Fkc1wvMjAyNVwvMDJcLzA5Tm92LjIwMjRfMDYzNC1zY2FsZWQuanBnIiwic2xpZGVzaG93IjoiZjliZjExMiJ9\">\n\t\t\t\t\t<div class=\"e-gallery-image elementor-gallery-item__image\" data-thumbnail=\"https:\/\/sophie.h-workspace.de\/wp-content\/uploads\/2025\/02\/09Nov.2024_0634-300x200.jpg\" data-width=\"300\" data-height=\"200\" aria-label=\"\" role=\"img\" ><\/div>\n\t\t\t\t\t\t\t\t\t\t\t<div class=\"elementor-gallery-item__overlay\"><\/div>\n\t\t\t\t\t\t\t\t\t\t\t\t\t\t<\/a>\n\t\t\t\t\t\t\t<a class=\"e-gallery-item elementor-gallery-item elementor-animated-content\" href=\"https:\/\/sophie.h-workspace.de\/wp-content\/uploads\/2025\/02\/09Nov.2024_0365-scaled.jpg\" data-elementor-open-lightbox=\"yes\" data-elementor-lightbox-slideshow=\"f9bf112\" data-elementor-lightbox-title=\"09Nov.2024_0365\" data-e-action-hash=\"#elementor-action%3Aaction%3Dlightbox%26settings%3DeyJpZCI6MTA1NywidXJsIjoiaHR0cHM6XC9cL3NvcGhpZS5oLXdvcmtzcGFjZS5kZVwvd3AtY29udGVudFwvdXBsb2Fkc1wvMjAyNVwvMDJcLzA5Tm92LjIwMjRfMDM2NS1zY2FsZWQuanBnIiwic2xpZGVzaG93IjoiZjliZjExMiJ9\">\n\t\t\t\t\t<div class=\"e-gallery-image elementor-gallery-item__image\" data-thumbnail=\"https:\/\/sophie.h-workspace.de\/wp-content\/uploads\/2025\/02\/09Nov.2024_0365-300x200.jpg\" data-width=\"300\" data-height=\"200\" aria-label=\"\" role=\"img\" ><\/div>\n\t\t\t\t\t\t\t\t\t\t\t<div class=\"elementor-gallery-item__overlay\"><\/div>\n\t\t\t\t\t\t\t\t\t\t\t\t\t\t<\/a>\n\t\t\t\t\t\t\t<a class=\"e-gallery-item elementor-gallery-item elementor-animated-content\" href=\"https:\/\/sophie.h-workspace.de\/wp-content\/uploads\/2025\/02\/outdoor-swimming-pool-with-umbrella-chair-lounge-around-there-leisure-travel-scaled.jpg\" data-elementor-open-lightbox=\"yes\" data-elementor-lightbox-slideshow=\"f9bf112\" data-elementor-lightbox-title=\"outdoor-swimming-pool-with-umbrella-chair-lounge-around-there-leisure-travel\" data-e-action-hash=\"#elementor-action%3Aaction%3Dlightbox%26settings%3DeyJpZCI6MTIzLCJ1cmwiOiJodHRwczpcL1wvc29waGllLmgtd29ya3NwYWNlLmRlXC93cC1jb250ZW50XC91cGxvYWRzXC8yMDI1XC8wMlwvb3V0ZG9vci1zd2ltbWluZy1wb29sLXdpdGgtdW1icmVsbGEtY2hhaXItbG91bmdlLWFyb3VuZC10aGVyZS1sZWlzdXJlLXRyYXZlbC1zY2FsZWQuanBnIiwic2xpZGVzaG93IjoiZjliZjExMiJ9\">\n\t\t\t\t\t<div class=\"e-gallery-image elementor-gallery-item__image\" data-thumbnail=\"https:\/\/sophie.h-workspace.de\/wp-content\/uploads\/2025\/02\/outdoor-swimming-pool-with-umbrella-chair-lounge-around-there-leisure-travel-300x200.jpg\" data-width=\"300\" data-height=\"200\" aria-label=\"\" role=\"img\" ><\/div>\n\t\t\t\t\t\t\t\t\t\t\t<div class=\"elementor-gallery-item__overlay\"><\/div>\n\t\t\t\t\t\t\t\t\t\t\t\t\t\t<\/a>\n\t\t\t\t\t\t\t<a class=\"e-gallery-item elementor-gallery-item elementor-animated-content\" href=\"https:\/\/sophie.h-workspace.de\/wp-content\/uploads\/2025\/02\/woman-drinking-coffee-bathrobe-by-window-home-scaled.jpg\" data-elementor-open-lightbox=\"yes\" data-elementor-lightbox-slideshow=\"f9bf112\" data-elementor-lightbox-title=\"woman-drinking-coffee-bathrobe-by-window-home\" data-e-action-hash=\"#elementor-action%3Aaction%3Dlightbox%26settings%3DeyJpZCI6MTA3MCwidXJsIjoiaHR0cHM6XC9cL3NvcGhpZS5oLXdvcmtzcGFjZS5kZVwvd3AtY29udGVudFwvdXBsb2Fkc1wvMjAyNVwvMDJcL3dvbWFuLWRyaW5raW5nLWNvZmZlZS1iYXRocm9iZS1ieS13aW5kb3ctaG9tZS1zY2FsZWQuanBnIiwic2xpZGVzaG93IjoiZjliZjExMiJ9\">\n\t\t\t\t\t<div class=\"e-gallery-image elementor-gallery-item__image\" data-thumbnail=\"https:\/\/sophie.h-workspace.de\/wp-content\/uploads\/2025\/02\/woman-drinking-coffee-bathrobe-by-window-home-300x200.jpg\" data-width=\"300\" data-height=\"200\" aria-label=\"\" role=\"img\" ><\/div>\n\t\t\t\t\t\t\t\t\t\t\t<div class=\"elementor-gallery-item__overlay\"><\/div>\n\t\t\t\t\t\t\t\t\t\t\t\t\t\t<\/a>\n\t\t\t\t\t<\/div>\n\t\t\t\t\t<\/div>\n\t\t\t\t<\/div>\n\t\t\t\t\t<\/div>\n\t\t\t\t<\/div>\n\t\t<div class=\"elementor-element elementor-element-475591c e-flex e-con-boxed e-con e-parent\" data-id=\"475591c\" data-element_type=\"container\">\n\t\t\t\t\t<div class=\"e-con-inner\">\n\t\t\t\t<div class=\"elementor-element elementor-element-c474222 elementor-widget elementor-widget-spacer\" data-id=\"c474222\" data-element_type=\"widget\" data-widget_type=\"spacer.default\">\n\t\t\t\t<div class=\"elementor-widget-container\">\n\t\t\t\t\t\t\t<div class=\"elementor-spacer\">\n\t\t\t<div class=\"elementor-spacer-inner\"><\/div>\n\t\t<\/div>\n\t\t\t\t\t\t<\/div>\n\t\t\t\t<\/div>\n\t\t\t\t\t<\/div>\n\t\t\t\t<\/div>\n\t\t<div class=\"elementor-element elementor-element-bfffbc1 e-flex e-con-boxed e-con e-parent\" data-id=\"bfffbc1\" data-element_type=\"container\">\n\t\t\t\t\t<div class=\"e-con-inner\">\n\t\t\t\t<div class=\"elementor-element elementor-element-174ec92 elementor-align-center elementor-widget elementor-widget-button\" data-id=\"174ec92\" data-element_type=\"widget\" data-widget_type=\"button.default\">\n\t\t\t\t<div class=\"elementor-widget-container\">\n\t\t\t\t\t\t\t\t\t<div class=\"elementor-button-wrapper\">\n\t\t\t\t\t<a class=\"elementor-button elementor-button-link elementor-size-sm\" href=\"http:\/\/sophie.h-workspace.de\/?page_id=78\">\n\t\t\t\t\t\t<span class=\"elementor-button-content-wrapper\">\n\t\t\t\t\t\t\t\t\t<span class=\"elementor-button-text\">Hier Buchen<\/span>\n\t\t\t\t\t<\/span>\n\t\t\t\t\t<\/a>\n\t\t\t\t<\/div>\n\t\t\t\t\t\t\t\t<\/div>\n\t\t\t\t<\/div>\n\t\t\t\t<div class=\"elementor-element elementor-element-35303f7 elementor-widget elementor-widget-spacer\" data-id=\"35303f7\" data-element_type=\"widget\" data-widget_type=\"spacer.default\">\n\t\t\t\t<div class=\"elementor-widget-container\">\n\t\t\t\t\t\t\t<div class=\"elementor-spacer\">\n\t\t\t<div class=\"elementor-spacer-inner\"><\/div>\n\t\t<\/div>\n\t\t\t\t\t\t<\/div>\n\t\t\t\t<\/div>\n\t\t\t\t\t<\/div>\n\t\t\t\t<\/div>\n\t\t\t\t<\/div>\n\t\t","protected":false},"excerpt":{"rendered":"<p>Hotel Auszeit Unsere Zimmer und Suiten sind so gestaltet, dass Sie sich vom ersten Moment an wohlf\u00fchlen. Mit warmen Farben, hochwertiger Ausstattung und einem Blick ins Gr\u00fcne schaffen wir eine Oase der Ruhe und Geborgenheit. Jedes Detail ist darauf ausgelegt, Ihnen Komfort und Entspannung zu bieten. F\u00fcr zus\u00e4tzliche Erholung l\u00e4dt unsere Sauna ein \u2013 ein [&hellip;]<\/p>\n","protected":false},"author":1,"featured_media":0,"parent":0,"menu_order":0,"comment_status":"closed","ping_status":"closed","template":"","meta":{"footnotes":""},"class_list":["post-1041","page","type-page","status-publish","hentry"],"_links":{"self":[{"href":"http:\/\/sophie.h-workspace.de\/index.php?rest_route=\/wp\/v2\/pages\/1041","targetHints":{"allow":["GET"]}}],"collection":[{"href":"http:\/\/sophie.h-workspace.de\/index.php?rest_route=\/wp\/v2\/pages"}],"about":[{"href":"http:\/\/sophie.h-workspace.de\/index.php?rest_route=\/wp\/v2\/types\/page"}],"author":[{"embeddable":true,"href":"http:\/\/sophie.h-workspace.de\/index.php?rest_route=\/wp\/v2\/users\/1"}],"replies":[{"embeddable":true,"href":"http:\/\/sophie.h-workspace.de\/index.php?rest_route=%2Fwp%2Fv2%2Fcomments&post=1041"}],"version-history":[{"count":43,"href":"http:\/\/sophie.h-workspace.de\/index.php?rest_route=\/wp\/v2\/pages\/1041\/revisions"}],"predecessor-version":[{"id":1100,"href":"http:\/\/sophie.h-workspace.de\/index.php?rest_route=\/wp\/v2\/pages\/1041\/revisions\/1100"}],"wp:attachment":[{"href":"http:\/\/sophie.h-workspace.de\/index.php?rest_route=%2Fwp%2Fv2%2Fmedia&parent=1041"}],"curies":[{"name":"wp","href":"https:\/\/api.w.org\/{rel}","templated":true}]}}