{"id":954,"date":"2025-02-11T10:51:12","date_gmt":"2025-02-11T09:51:12","guid":{"rendered":"http:\/\/sophie.h-workspace.de\/?page_id=954"},"modified":"2025-02-11T16:28:21","modified_gmt":"2025-02-11T15:28:21","slug":"massageoel","status":"publish","type":"page","link":"http:\/\/sophie.h-workspace.de\/?page_id=954","title":{"rendered":"Massage\u00f6l"},"content":{"rendered":"\t\t<div data-elementor-type=\"wp-page\" data-elementor-id=\"954\" class=\"elementor elementor-954\" data-elementor-post-type=\"page\">\n\t\t\t\t<div class=\"elementor-element elementor-element-55caeac e-con-full e-flex e-con e-parent\" data-id=\"55caeac\" data-element_type=\"container\">\n\t\t\t\t<div class=\"elementor-element elementor-element-993a9e7 elementor-widget elementor-widget-image\" data-id=\"993a9e7\" data-element_type=\"widget\" data-widget_type=\"image.default\">\n\t\t\t\t<div class=\"elementor-widget-container\">\n\t\t\t\t\t\t\t\t\t\t\t\t\t\t\t<img fetchpriority=\"high\" decoding=\"async\" width=\"2560\" height=\"1920\" src=\"http:\/\/sophie.h-workspace.de\/wp-content\/uploads\/2025\/02\/Free_Dropper_Bottle_Mockup-1-scaled.jpg\" class=\"attachment-full size-full wp-image-968\" alt=\"\" srcset=\"http:\/\/sophie.h-workspace.de\/wp-content\/uploads\/2025\/02\/Free_Dropper_Bottle_Mockup-1-scaled.jpg 2560w, http:\/\/sophie.h-workspace.de\/wp-content\/uploads\/2025\/02\/Free_Dropper_Bottle_Mockup-1-300x225.jpg 300w, http:\/\/sophie.h-workspace.de\/wp-content\/uploads\/2025\/02\/Free_Dropper_Bottle_Mockup-1-1024x768.jpg 1024w, http:\/\/sophie.h-workspace.de\/wp-content\/uploads\/2025\/02\/Free_Dropper_Bottle_Mockup-1-768x576.jpg 768w, http:\/\/sophie.h-workspace.de\/wp-content\/uploads\/2025\/02\/Free_Dropper_Bottle_Mockup-1-1536x1152.jpg 1536w, http:\/\/sophie.h-workspace.de\/wp-content\/uploads\/2025\/02\/Free_Dropper_Bottle_Mockup-1-2048x1536.jpg 2048w\" sizes=\"(max-width: 2560px) 100vw, 2560px\" \/>\t\t\t\t\t\t\t\t\t\t\t\t\t\t\t<\/div>\n\t\t\t\t<\/div>\n\t\t\t\t<div class=\"elementor-element elementor-element-32fe0cf elementor-widget elementor-widget-spacer\" data-id=\"32fe0cf\" data-element_type=\"widget\" data-widget_type=\"spacer.default\">\n\t\t\t\t<div class=\"elementor-widget-container\">\n\t\t\t\t\t\t\t<div class=\"elementor-spacer\">\n\t\t\t<div class=\"elementor-spacer-inner\"><\/div>\n\t\t<\/div>\n\t\t\t\t\t\t<\/div>\n\t\t\t\t<\/div>\n\t\t\t\t<div class=\"elementor-element elementor-element-e05e663 elementor-widget elementor-widget-heading\" data-id=\"e05e663\" data-element_type=\"widget\" data-settings=\"{&quot;motion_fx_motion_fx_scrolling&quot;:&quot;yes&quot;,&quot;motion_fx_translateY_effect&quot;:&quot;yes&quot;,&quot;motion_fx_translateY_affectedRange&quot;:{&quot;unit&quot;:&quot;%&quot;,&quot;size&quot;:&quot;&quot;,&quot;sizes&quot;:{&quot;start&quot;:0,&quot;end&quot;:50}},&quot;motion_fx_translateY_speed&quot;:{&quot;unit&quot;:&quot;px&quot;,&quot;size&quot;:4,&quot;sizes&quot;:[]},&quot;motion_fx_devices&quot;:[&quot;desktop&quot;,&quot;tablet&quot;,&quot;mobile&quot;]}\" data-widget_type=\"heading.default\">\n\t\t\t\t<div class=\"elementor-widget-container\">\n\t\t\t\t\t<h2 class=\"elementor-heading-title elementor-size-default\">Unser Massage\u00f6l<\/h2>\t\t\t\t<\/div>\n\t\t\t\t<\/div>\n\t\t\t\t<\/div>\n\t\t<div class=\"elementor-element elementor-element-7d67f35 e-flex e-con-boxed e-con e-parent\" data-id=\"7d67f35\" data-element_type=\"container\">\n\t\t\t\t\t<div class=\"e-con-inner\">\n\t\t\t\t<div class=\"elementor-element elementor-element-8976956 elementor-widget elementor-widget-heading\" data-id=\"8976956\" data-element_type=\"widget\" data-widget_type=\"heading.default\">\n\t\t\t\t<div class=\"elementor-widget-container\">\n\t\t\t\t\t<h2 class=\"elementor-heading-title elementor-size-default\">Massage mit <br>unserem Wald\u00f6l<\/h2>\t\t\t\t<\/div>\n\t\t\t\t<\/div>\n\t\t\t\t\t<\/div>\n\t\t\t\t<\/div>\n\t\t<div class=\"elementor-element elementor-element-1e3d0a9 e-flex e-con-boxed e-con e-parent\" data-id=\"1e3d0a9\" data-element_type=\"container\">\n\t\t\t\t\t<div class=\"e-con-inner\">\n\t\t\t\t<div class=\"elementor-element elementor-element-a982d0c elementor-widget elementor-widget-text-editor\" data-id=\"a982d0c\" data-element_type=\"widget\" data-settings=\"{&quot;motion_fx_motion_fx_scrolling&quot;:&quot;yes&quot;,&quot;motion_fx_translateY_effect&quot;:&quot;yes&quot;,&quot;motion_fx_translateY_affectedRange&quot;:{&quot;unit&quot;:&quot;%&quot;,&quot;size&quot;:&quot;&quot;,&quot;sizes&quot;:{&quot;start&quot;:0,&quot;end&quot;:50}},&quot;motion_fx_translateY_speed&quot;:{&quot;unit&quot;:&quot;px&quot;,&quot;size&quot;:4,&quot;sizes&quot;:[]},&quot;motion_fx_devices&quot;:[&quot;desktop&quot;,&quot;tablet&quot;,&quot;mobile&quot;]}\" data-widget_type=\"text-editor.default\">\n\t\t\t\t<div class=\"elementor-widget-container\">\n\t\t\t\t\t\t\t\t\t<p>Lassen Sie sich vor Ort mit unserem exklusiv hergestellten Massage\u00f6l aus Waldkr\u00e4utern und \u00e4therischen \u00d6len verw\u00f6hnen. Dieses speziell f\u00fcr das Hotel Auszeit entwickelte \u00d6l k\u00f6nnen Sie auch als besonderes Geschenk mit der Brosch\u00fcre erhalten. So nehmen Sie ein St\u00fcck Entspannung mit nach Hause und k\u00f6nnen das Waldbaden-Erlebnis jederzeit erneut genie\u00dfen.<\/p><p>Das Zusammenspiel aus Naturerlebnis und wohltuender Entspannung macht Ihren Aufenthalt im Hotel Auszeit einzigartig und unvergesslich.<\/p><p>\u00a0<\/p>\t\t\t\t\t\t\t\t<\/div>\n\t\t\t\t<\/div>\n\t\t\t\t<div class=\"elementor-element elementor-element-c3830dd elementor-widget elementor-widget-spacer\" data-id=\"c3830dd\" data-element_type=\"widget\" data-widget_type=\"spacer.default\">\n\t\t\t\t<div class=\"elementor-widget-container\">\n\t\t\t\t\t\t\t<div class=\"elementor-spacer\">\n\t\t\t<div class=\"elementor-spacer-inner\"><\/div>\n\t\t<\/div>\n\t\t\t\t\t\t<\/div>\n\t\t\t\t<\/div>\n\t\t\t\t\t<\/div>\n\t\t\t\t<\/div>\n\t\t<div class=\"elementor-element elementor-element-a5aa76c e-con-full e-flex e-con e-parent\" data-id=\"a5aa76c\" data-element_type=\"container\">\n\t\t\t\t<div class=\"elementor-element elementor-element-ffefb05 elementor-widget elementor-widget-image\" data-id=\"ffefb05\" data-element_type=\"widget\" data-widget_type=\"image.default\">\n\t\t\t\t<div class=\"elementor-widget-container\">\n\t\t\t\t\t\t\t\t\t\t\t\t\t\t\t<img decoding=\"async\" width=\"2560\" height=\"1707\" src=\"http:\/\/sophie.h-workspace.de\/wp-content\/uploads\/2025\/02\/african-american-woman-receiving-relaxing-massage-spa-1-scaled.jpg\" class=\"attachment-full size-full wp-image-984\" alt=\"\" srcset=\"http:\/\/sophie.h-workspace.de\/wp-content\/uploads\/2025\/02\/african-american-woman-receiving-relaxing-massage-spa-1-scaled.jpg 2560w, http:\/\/sophie.h-workspace.de\/wp-content\/uploads\/2025\/02\/african-american-woman-receiving-relaxing-massage-spa-1-300x200.jpg 300w, http:\/\/sophie.h-workspace.de\/wp-content\/uploads\/2025\/02\/african-american-woman-receiving-relaxing-massage-spa-1-1024x683.jpg 1024w, http:\/\/sophie.h-workspace.de\/wp-content\/uploads\/2025\/02\/african-american-woman-receiving-relaxing-massage-spa-1-768x512.jpg 768w, http:\/\/sophie.h-workspace.de\/wp-content\/uploads\/2025\/02\/african-american-woman-receiving-relaxing-massage-spa-1-1536x1024.jpg 1536w, http:\/\/sophie.h-workspace.de\/wp-content\/uploads\/2025\/02\/african-american-woman-receiving-relaxing-massage-spa-1-2048x1365.jpg 2048w\" sizes=\"(max-width: 2560px) 100vw, 2560px\" \/>\t\t\t\t\t\t\t\t\t\t\t\t\t\t\t<\/div>\n\t\t\t\t<\/div>\n\t\t\t\t<\/div>\n\t\t<div class=\"elementor-element elementor-element-eb9e843 e-flex e-con-boxed e-con e-parent\" data-id=\"eb9e843\" data-element_type=\"container\">\n\t\t\t\t\t<div class=\"e-con-inner\">\n\t\t\t\t<div class=\"elementor-element elementor-element-eb3eaf3 elementor-widget elementor-widget-spacer\" data-id=\"eb3eaf3\" data-element_type=\"widget\" data-widget_type=\"spacer.default\">\n\t\t\t\t<div class=\"elementor-widget-container\">\n\t\t\t\t\t\t\t<div class=\"elementor-spacer\">\n\t\t\t<div class=\"elementor-spacer-inner\"><\/div>\n\t\t<\/div>\n\t\t\t\t\t\t<\/div>\n\t\t\t\t<\/div>\n\t\t\t\t\t<\/div>\n\t\t\t\t<\/div>\n\t\t<div class=\"elementor-element elementor-element-75661c4 e-flex e-con-boxed e-con e-parent\" data-id=\"75661c4\" data-element_type=\"container\">\n\t\t\t\t\t<div class=\"e-con-inner\">\n\t\t\t\t<div class=\"elementor-element elementor-element-4088a3a elementor-widget elementor-widget-heading\" data-id=\"4088a3a\" data-element_type=\"widget\" data-settings=\"{&quot;motion_fx_motion_fx_scrolling&quot;:&quot;yes&quot;,&quot;motion_fx_translateY_effect&quot;:&quot;yes&quot;,&quot;motion_fx_translateY_affectedRange&quot;:{&quot;unit&quot;:&quot;%&quot;,&quot;size&quot;:&quot;&quot;,&quot;sizes&quot;:{&quot;start&quot;:0,&quot;end&quot;:50}},&quot;motion_fx_translateY_speed&quot;:{&quot;unit&quot;:&quot;px&quot;,&quot;size&quot;:4,&quot;sizes&quot;:[]},&quot;motion_fx_devices&quot;:[&quot;desktop&quot;,&quot;tablet&quot;,&quot;mobile&quot;]}\" data-widget_type=\"heading.default\">\n\t\t\t\t<div class=\"elementor-widget-container\">\n\t\t\t\t\t<h2 class=\"elementor-heading-title elementor-size-default\">Natur sp\u00fcren\n<br>Ruhe genie\u00dfen<\/h2>\t\t\t\t<\/div>\n\t\t\t\t<\/div>\n\t\t\t\t<div class=\"elementor-element elementor-element-a69f52d elementor-widget elementor-widget-text-editor\" data-id=\"a69f52d\" data-element_type=\"widget\" data-settings=\"{&quot;motion_fx_motion_fx_scrolling&quot;:&quot;yes&quot;,&quot;motion_fx_translateY_effect&quot;:&quot;yes&quot;,&quot;motion_fx_translateY_affectedRange&quot;:{&quot;unit&quot;:&quot;%&quot;,&quot;size&quot;:&quot;&quot;,&quot;sizes&quot;:{&quot;start&quot;:0,&quot;end&quot;:50}},&quot;motion_fx_translateY_speed&quot;:{&quot;unit&quot;:&quot;px&quot;,&quot;size&quot;:4,&quot;sizes&quot;:[]},&quot;motion_fx_devices&quot;:[&quot;desktop&quot;,&quot;tablet&quot;,&quot;mobile&quot;]}\" data-widget_type=\"text-editor.default\">\n\t\t\t\t<div class=\"elementor-widget-container\">\n\t\t\t\t\t\t\t\t\t<p>Nat\u00fcrliche Inhaltsstoffe f\u00fcr Ihre bestm\u00f6gliche Pflege<\/p><div class=\"mb-2 flex gap-3 empty:hidden -ml-2\"><div class=\"items-center justify-start rounded-xl p-1 flex\"><div class=\"flex items-center\"><div class=\"flex items-center pb-0\">\u00a0<\/div><\/div><\/div><\/div>\t\t\t\t\t\t\t\t<\/div>\n\t\t\t\t<\/div>\n\t\t\t\t\t<\/div>\n\t\t\t\t<\/div>\n\t\t<div class=\"elementor-element elementor-element-3d1b13c e-flex e-con-boxed e-con e-parent\" data-id=\"3d1b13c\" data-element_type=\"container\">\n\t\t\t\t\t<div class=\"e-con-inner\">\n\t\t<div class=\"elementor-element elementor-element-eed8336 e-con-full e-flex e-con e-child\" data-id=\"eed8336\" data-element_type=\"container\">\n\t\t\t\t<div class=\"elementor-element elementor-element-4c6ca3c elementor-widget elementor-widget-image\" data-id=\"4c6ca3c\" data-element_type=\"widget\" data-widget_type=\"image.default\">\n\t\t\t\t<div class=\"elementor-widget-container\">\n\t\t\t\t\t\t\t\t\t\t\t\t\t\t\t<img decoding=\"async\" width=\"724\" height=\"1024\" src=\"http:\/\/sophie.h-workspace.de\/wp-content\/uploads\/2025\/02\/Unbenanntes_Projekt-5-724x1024.jpg\" class=\"attachment-large size-large wp-image-995\" alt=\"\" srcset=\"http:\/\/sophie.h-workspace.de\/wp-content\/uploads\/2025\/02\/Unbenanntes_Projekt-5-724x1024.jpg 724w, http:\/\/sophie.h-workspace.de\/wp-content\/uploads\/2025\/02\/Unbenanntes_Projekt-5-212x300.jpg 212w, http:\/\/sophie.h-workspace.de\/wp-content\/uploads\/2025\/02\/Unbenanntes_Projekt-5-768x1086.jpg 768w, http:\/\/sophie.h-workspace.de\/wp-content\/uploads\/2025\/02\/Unbenanntes_Projekt-5-1086x1536.jpg 1086w, http:\/\/sophie.h-workspace.de\/wp-content\/uploads\/2025\/02\/Unbenanntes_Projekt-5-1448x2048.jpg 1448w, http:\/\/sophie.h-workspace.de\/wp-content\/uploads\/2025\/02\/Unbenanntes_Projekt-5-scaled.jpg 1810w\" sizes=\"(max-width: 724px) 100vw, 724px\" \/>\t\t\t\t\t\t\t\t\t\t\t\t\t\t\t<\/div>\n\t\t\t\t<\/div>\n\t\t\t\t<\/div>\n\t\t<div class=\"elementor-element elementor-element-0ce56e3 e-con-full e-flex e-con e-child\" data-id=\"0ce56e3\" data-element_type=\"container\">\n\t\t\t\t<div class=\"elementor-element elementor-element-9736f27 elementor-widget elementor-widget-text-editor\" data-id=\"9736f27\" data-element_type=\"widget\" data-settings=\"{&quot;motion_fx_motion_fx_scrolling&quot;:&quot;yes&quot;,&quot;motion_fx_translateX_effect&quot;:&quot;yes&quot;,&quot;motion_fx_translateX_affectedRange&quot;:{&quot;unit&quot;:&quot;%&quot;,&quot;size&quot;:&quot;&quot;,&quot;sizes&quot;:{&quot;start&quot;:0,&quot;end&quot;:50}},&quot;motion_fx_translateX_speed&quot;:{&quot;unit&quot;:&quot;px&quot;,&quot;size&quot;:4,&quot;sizes&quot;:[]},&quot;motion_fx_devices&quot;:[&quot;desktop&quot;,&quot;tablet&quot;,&quot;mobile&quot;]}\" data-widget_type=\"text-editor.default\">\n\t\t\t\t<div class=\"elementor-widget-container\">\n\t\t\t\t\t\t\t\t\t<p><strong>Thymian\u00f6l<\/strong> wirkt w\u00e4rmend und durchblutungsf\u00f6rdernd. Es hilft, verspannte Muskeln zu lockern, unterst\u00fctzt die Regeneration nach k\u00f6rperlicher Anstrengung und verleiht dem \u00d6l eine leicht w\u00fcrzige, erdige Note.<\/p>\t\t\t\t\t\t\t\t<\/div>\n\t\t\t\t<\/div>\n\t\t\t\t<\/div>\n\t\t\t\t\t<\/div>\n\t\t\t\t<\/div>\n\t\t<div class=\"elementor-element elementor-element-93a5bd7 e-flex e-con-boxed e-con e-parent\" data-id=\"93a5bd7\" data-element_type=\"container\">\n\t\t\t\t\t<div class=\"e-con-inner\">\n\t\t<div class=\"elementor-element elementor-element-0fb18a0 e-con-full e-flex e-con e-child\" data-id=\"0fb18a0\" data-element_type=\"container\">\n\t\t\t\t<div class=\"elementor-element elementor-element-5ca1af2 elementor-widget elementor-widget-image\" data-id=\"5ca1af2\" data-element_type=\"widget\" data-widget_type=\"image.default\">\n\t\t\t\t<div class=\"elementor-widget-container\">\n\t\t\t\t\t\t\t\t\t\t\t\t\t\t\t<img loading=\"lazy\" decoding=\"async\" width=\"724\" height=\"1024\" src=\"http:\/\/sophie.h-workspace.de\/wp-content\/uploads\/2025\/02\/Unbenanntes_Projekt-4-724x1024.jpg\" class=\"attachment-large size-large wp-image-996\" alt=\"\" srcset=\"http:\/\/sophie.h-workspace.de\/wp-content\/uploads\/2025\/02\/Unbenanntes_Projekt-4-724x1024.jpg 724w, http:\/\/sophie.h-workspace.de\/wp-content\/uploads\/2025\/02\/Unbenanntes_Projekt-4-212x300.jpg 212w, http:\/\/sophie.h-workspace.de\/wp-content\/uploads\/2025\/02\/Unbenanntes_Projekt-4-768x1086.jpg 768w, http:\/\/sophie.h-workspace.de\/wp-content\/uploads\/2025\/02\/Unbenanntes_Projekt-4-1086x1536.jpg 1086w, http:\/\/sophie.h-workspace.de\/wp-content\/uploads\/2025\/02\/Unbenanntes_Projekt-4-1448x2048.jpg 1448w, http:\/\/sophie.h-workspace.de\/wp-content\/uploads\/2025\/02\/Unbenanntes_Projekt-4-scaled.jpg 1810w\" sizes=\"(max-width: 724px) 100vw, 724px\" \/>\t\t\t\t\t\t\t\t\t\t\t\t\t\t\t<\/div>\n\t\t\t\t<\/div>\n\t\t\t\t<\/div>\n\t\t<div class=\"elementor-element elementor-element-39f4359 e-con-full e-flex e-con e-child\" data-id=\"39f4359\" data-element_type=\"container\">\n\t\t\t\t<div class=\"elementor-element elementor-element-69f5459 elementor-widget elementor-widget-text-editor\" data-id=\"69f5459\" data-element_type=\"widget\" data-settings=\"{&quot;motion_fx_motion_fx_scrolling&quot;:&quot;yes&quot;,&quot;motion_fx_translateX_effect&quot;:&quot;yes&quot;,&quot;motion_fx_translateX_affectedRange&quot;:{&quot;unit&quot;:&quot;%&quot;,&quot;size&quot;:&quot;&quot;,&quot;sizes&quot;:{&quot;start&quot;:0,&quot;end&quot;:50}},&quot;motion_fx_translateX_speed&quot;:{&quot;unit&quot;:&quot;px&quot;,&quot;size&quot;:4,&quot;sizes&quot;:[]},&quot;motion_fx_devices&quot;:[&quot;desktop&quot;,&quot;tablet&quot;,&quot;mobile&quot;]}\" data-widget_type=\"text-editor.default\">\n\t\t\t\t<div class=\"elementor-widget-container\">\n\t\t\t\t\t\t\t\t\t<p><strong>Lavendel\u00f6l<\/strong> ist bekannt f\u00fcr seine beruhigende Wirkung. Es entspannt K\u00f6rper und Geist, f\u00f6rdert erholsamen Schlaf und hilft, Stress abzubauen. Zudem wirkt es hautpflegend und regenerierend.<\/p>\t\t\t\t\t\t\t\t<\/div>\n\t\t\t\t<\/div>\n\t\t\t\t<\/div>\n\t\t\t\t\t<\/div>\n\t\t\t\t<\/div>\n\t\t<div class=\"elementor-element elementor-element-04c93f4 e-flex e-con-boxed e-con e-parent\" data-id=\"04c93f4\" data-element_type=\"container\">\n\t\t\t\t\t<div class=\"e-con-inner\">\n\t\t<div class=\"elementor-element elementor-element-204d561 e-con-full e-flex e-con e-child\" data-id=\"204d561\" data-element_type=\"container\">\n\t\t\t\t<div class=\"elementor-element elementor-element-96baaee elementor-widget elementor-widget-image\" data-id=\"96baaee\" data-element_type=\"widget\" data-widget_type=\"image.default\">\n\t\t\t\t<div class=\"elementor-widget-container\">\n\t\t\t\t\t\t\t\t\t\t\t\t\t\t\t<img loading=\"lazy\" decoding=\"async\" width=\"724\" height=\"1024\" src=\"http:\/\/sophie.h-workspace.de\/wp-content\/uploads\/2025\/02\/Unbenanntes_Projekt-3-724x1024.jpg\" class=\"attachment-large size-large wp-image-1000\" alt=\"\" srcset=\"http:\/\/sophie.h-workspace.de\/wp-content\/uploads\/2025\/02\/Unbenanntes_Projekt-3-724x1024.jpg 724w, http:\/\/sophie.h-workspace.de\/wp-content\/uploads\/2025\/02\/Unbenanntes_Projekt-3-212x300.jpg 212w, http:\/\/sophie.h-workspace.de\/wp-content\/uploads\/2025\/02\/Unbenanntes_Projekt-3-768x1087.jpg 768w, http:\/\/sophie.h-workspace.de\/wp-content\/uploads\/2025\/02\/Unbenanntes_Projekt-3-1086x1536.jpg 1086w, http:\/\/sophie.h-workspace.de\/wp-content\/uploads\/2025\/02\/Unbenanntes_Projekt-3-1448x2048.jpg 1448w, http:\/\/sophie.h-workspace.de\/wp-content\/uploads\/2025\/02\/Unbenanntes_Projekt-3-scaled.jpg 1809w\" sizes=\"(max-width: 724px) 100vw, 724px\" \/>\t\t\t\t\t\t\t\t\t\t\t\t\t\t\t<\/div>\n\t\t\t\t<\/div>\n\t\t\t\t<\/div>\n\t\t<div class=\"elementor-element elementor-element-95afeab e-con-full e-flex e-con e-child\" data-id=\"95afeab\" data-element_type=\"container\">\n\t\t\t\t<div class=\"elementor-element elementor-element-8f01ce2 elementor-widget elementor-widget-text-editor\" data-id=\"8f01ce2\" data-element_type=\"widget\" data-settings=\"{&quot;motion_fx_motion_fx_scrolling&quot;:&quot;yes&quot;,&quot;motion_fx_translateX_effect&quot;:&quot;yes&quot;,&quot;motion_fx_translateX_affectedRange&quot;:{&quot;unit&quot;:&quot;%&quot;,&quot;size&quot;:&quot;&quot;,&quot;sizes&quot;:{&quot;start&quot;:0,&quot;end&quot;:50}},&quot;motion_fx_translateX_speed&quot;:{&quot;unit&quot;:&quot;px&quot;,&quot;size&quot;:4,&quot;sizes&quot;:[]},&quot;motion_fx_devices&quot;:[&quot;desktop&quot;,&quot;tablet&quot;,&quot;mobile&quot;]}\" data-widget_type=\"text-editor.default\">\n\t\t\t\t<div class=\"elementor-widget-container\">\n\t\t\t\t\t\t\t\t\t<p><strong>Rosmarin\u00f6l<\/strong> belebt die<span class=\"Apple-converted-space\">\u00a0<\/span>Sinne und f\u00f6rdert die Durchblutung. Es hilft gegen Verspannungen, regt die Muskulatur an und sorgt f\u00fcr ein frisches, klares Gef\u00fchl auf der Haut. Sein belebender Duft gibt neue Energie und vertreibt M\u00fcdigkeit.<\/p>\t\t\t\t\t\t\t\t<\/div>\n\t\t\t\t<\/div>\n\t\t\t\t<\/div>\n\t\t\t\t\t<\/div>\n\t\t\t\t<\/div>\n\t\t\t\t<\/div>\n\t\t","protected":false},"excerpt":{"rendered":"<p>Unser Massage\u00f6l Massage mit unserem Wald\u00f6l Lassen Sie sich vor Ort mit unserem exklusiv hergestellten Massage\u00f6l aus Waldkr\u00e4utern und \u00e4therischen \u00d6len verw\u00f6hnen. Dieses speziell f\u00fcr das Hotel Auszeit entwickelte \u00d6l k\u00f6nnen Sie auch als besonderes Geschenk mit der Brosch\u00fcre erhalten. So nehmen Sie ein St\u00fcck Entspannung mit nach Hause und k\u00f6nnen das Waldbaden-Erlebnis jederzeit erneut [&hellip;]<\/p>\n","protected":false},"author":1,"featured_media":0,"parent":0,"menu_order":0,"comment_status":"closed","ping_status":"closed","template":"","meta":{"footnotes":""},"class_list":["post-954","page","type-page","status-publish","hentry"],"_links":{"self":[{"href":"http:\/\/sophie.h-workspace.de\/index.php?rest_route=\/wp\/v2\/pages\/954","targetHints":{"allow":["GET"]}}],"collection":[{"href":"http:\/\/sophie.h-workspace.de\/index.php?rest_route=\/wp\/v2\/pages"}],"about":[{"href":"http:\/\/sophie.h-workspace.de\/index.php?rest_route=\/wp\/v2\/types\/page"}],"author":[{"embeddable":true,"href":"http:\/\/sophie.h-workspace.de\/index.php?rest_route=\/wp\/v2\/users\/1"}],"replies":[{"embeddable":true,"href":"http:\/\/sophie.h-workspace.de\/index.php?rest_route=%2Fwp%2Fv2%2Fcomments&post=954"}],"version-history":[{"count":70,"href":"http:\/\/sophie.h-workspace.de\/index.php?rest_route=\/wp\/v2\/pages\/954\/revisions"}],"predecessor-version":[{"id":1126,"href":"http:\/\/sophie.h-workspace.de\/index.php?rest_route=\/wp\/v2\/pages\/954\/revisions\/1126"}],"wp:attachment":[{"href":"http:\/\/sophie.h-workspace.de\/index.php?rest_route=%2Fwp%2Fv2%2Fmedia&parent=954"}],"curies":[{"name":"wp","href":"https:\/\/api.w.org\/{rel}","templated":true}]}}